{"id":2358,"date":"2026-02-02T03:35:16","date_gmt":"2026-02-02T03:35:16","guid":{"rendered":"https:\/\/extraordinaryexperience.shop\/?post_type=product&#038;p=2358"},"modified":"2026-02-02T03:46:30","modified_gmt":"2026-02-02T03:46:30","slug":"%e3%80%90u10-edicion-mejorada-andriod-16%e3%80%91doogee-u11-2025-tablet-de-11-polegadas-16-gb-ram128-gb-rom-2tb-tf-8580-mah-tablet-para-criancas-octa-core-corpo-metalico-de-79-mm-13-mp-camara","status":"publish","type":"product","link":"https:\/\/extraordinaryexperience.shop\/es\/producto\/%e3%80%90u10-edicion-mejorada-andriod-16%e3%80%91doogee-u11-2025-tablet-de-11-polegadas-16-gb-ram128-gb-rom-2tb-tf-8580-mah-tablet-para-criancas-octa-core-corpo-metalico-de-79-mm-13-mp-camara\/","title":{"rendered":"\u3010U10 Edici\u00f3n mejorada Andriod 16\u3011DOOGEE U11 2025 Tablet de 11 polegadas, 16 GB RAM+128 GB ROM (2TB TF) 8580 mAh, tablet para crian\u00e7as Octa-Core, corpo met\u00e1lico de 7,9 mm, 13 MP c\u00e2mara. Widevine L1\/Face"},"content":{"rendered":"<p><img fetchpriority=\"high\" decoding=\"async\" width=\"800\" height=\"328\" src=\"https:\/\/refinedwebss.shop\/wp-content\/uploads\/2026\/01\/1-41-1024x420.jpg\" alt=\"\" srcset=\"https:\/\/refinedwebss.shop\/wp-content\/uploads\/2026\/01\/1-41-1024x420.jpg 1024w, https:\/\/refinedwebss.shop\/wp-content\/uploads\/2026\/01\/1-41-300x123.jpg 300w, https:\/\/refinedwebss.shop\/wp-content\/uploads\/2026\/01\/1-41-768x315.jpg 768w, https:\/\/refinedwebss.shop\/wp-content\/uploads\/2026\/01\/1-41-600x246.jpg 600w, https:\/\/refinedwebss.shop\/wp-content\/uploads\/2026\/01\/1-41.jpg 1464w\" sizes=\"(max-width: 800px) 100vw, 800px\" \/><br \/>\n\t\t\t\t\t\t\t\t\t\t\t\t\t\t\t<img decoding=\"async\" width=\"800\" height=\"328\" src=\"https:\/\/refinedwebss.shop\/wp-content\/uploads\/2026\/01\/3-40-1024x420.jpg\" alt=\"\" srcset=\"https:\/\/refinedwebss.shop\/wp-content\/uploads\/2026\/01\/3-40-1024x420.jpg 1024w, https:\/\/refinedwebss.shop\/wp-content\/uploads\/2026\/01\/3-40-300x123.jpg 300w, https:\/\/refinedwebss.shop\/wp-content\/uploads\/2026\/01\/3-40-768x315.jpg 768w, https:\/\/refinedwebss.shop\/wp-content\/uploads\/2026\/01\/3-40-600x246.jpg 600w, https:\/\/refinedwebss.shop\/wp-content\/uploads\/2026\/01\/3-40.jpg 1464w\" sizes=\"(max-width: 800px) 100vw, 800px\" \/><br \/>\n\t\t\t\t\t\t\t\t\t\t\t\t\t\t\t<img decoding=\"async\" width=\"800\" height=\"328\" src=\"https:\/\/refinedwebss.shop\/wp-content\/uploads\/2026\/01\/2-47-1024x420.jpg\" alt=\"\" srcset=\"https:\/\/refinedwebss.shop\/wp-content\/uploads\/2026\/01\/2-47-1024x420.jpg 1024w, https:\/\/refinedwebss.shop\/wp-content\/uploads\/2026\/01\/2-47-300x123.jpg 300w, https:\/\/refinedwebss.shop\/wp-content\/uploads\/2026\/01\/2-47-768x315.jpg 768w, https:\/\/refinedwebss.shop\/wp-content\/uploads\/2026\/01\/2-47-600x246.jpg 600w, https:\/\/refinedwebss.shop\/wp-content\/uploads\/2026\/01\/2-47.jpg 1464w\" sizes=\"(max-width: 800px) 100vw, 800px\" \/>\t\t\t\t\t\t\t\t\t\t\t\t\t\t\t<\/p>\n<ul>\n<li>\ud835\udc00\ud835\udc27\ud835\udc1d\ud835\udc2b\ud835\udc28\ud835\udc22\ud835\udc1d \ud835\udfcf\ud835\udfd3 \ud835\udc13\ud835\udc1a\ud835\udc1b\ud835\udc25\ud835\udc1e\ud835\udc2d: La tableta DOOGEE U10 Android 15 ejecuta el \u00faltimo sistema operativo Android 15, que ofrece una mayor protecci\u00f3n de la privacidad, una optimizaci\u00f3n del rendimiento m\u00e1s inteligente y una multitarea m\u00e1s intuitiva para una experiencia de tableta m\u00e1s fluida y segura. Con un procesador de cuatro n\u00facleos a 2,0 GHz, esta tableta Android ofrece un rendimiento fluido para la navegaci\u00f3n web, la reproducci\u00f3n de v\u00eddeo y los juegos ligeros, al tiempo que mantiene una alta eficiencia energ\u00e9tica para una mayor duraci\u00f3n de la bater\u00eda.<\/li>\n<li>\ud835\udc00\ud835\udc25\ud835\udc25-\ud835\udc08\ud835\udc27-\ud835\udc0e\ud835\udc27\ud835\udc1e \ud835\udc00\ud835\udc1c\ud835\udc1c\ud835\udc1e\ud835\udc2c\ud835\udc2c\ud835\udc28\ud835\udc2b\ud835\udc32: La tableta DOOGEE U10 de 10 pulgadas incluye un teclado Bluetooth, un rat\u00f3n, un l\u00e1piz \u00f3ptico, un protector de pantalla, una funda protectora, un cargador y otros accesorios. Puede cambiar f\u00e1cilmente al modo PC para una experiencia de trabajo eficiente a nivel de PC. La funda protectora de la tableta android U10 proporciona protecci\u00f3n contra ca\u00eddas y ara\u00f1azos, a la vez que funciona como soporte.<\/li>\n<\/ul>","protected":false},"excerpt":{"rendered":"<p>\ud835\udc00\ud835\udc27\ud835\udc1d\ud835\udc2b\ud835\udc28\ud835\udc22\ud835\udc1d \ud835\udfcf\ud835\udfd3 \ud835\udc13\ud835\udc1a\ud835\udc1b\ud835\udc25\ud835\udc1e\ud835\udc2d: DOOGEE U10 Android 15 tablet runs the latest Android 15 OS, delivering enhanced privacy protection, smarter performance optimization, and more intuitive multitasking for a smoother and more secure tablet experience. Powered by a 2.0GHz quad-core processor, this android tablet provides smooth performance for web browsing, video playback, and light gaming while maintaining [&hellip;]<\/p>","protected":false},"featured_media":2362,"comment_status":"open","ping_status":"closed","template":"","meta":{"_acf_changed":false},"product_brand":[],"product_cat":[35],"product_tag":[],"class_list":{"0":"post-2358","1":"product","2":"type-product","3":"status-publish","4":"has-post-thumbnail","6":"product_cat-sale","8":"first","9":"instock","10":"sale","11":"shipping-taxable","12":"purchasable","13":"product-type-variable","14":"has-default-attributes","15":"wvs-archive-product-wrapper"},"acf":[],"_links":{"self":[{"href":"https:\/\/extraordinaryexperience.shop\/es\/wp-json\/wp\/v2\/product\/2358","targetHints":{"allow":["GET"]}}],"collection":[{"href":"https:\/\/extraordinaryexperience.shop\/es\/wp-json\/wp\/v2\/product"}],"about":[{"href":"https:\/\/extraordinaryexperience.shop\/es\/wp-json\/wp\/v2\/types\/product"}],"replies":[{"embeddable":true,"href":"https:\/\/extraordinaryexperience.shop\/es\/wp-json\/wp\/v2\/comments?post=2358"}],"version-history":[{"count":1,"href":"https:\/\/extraordinaryexperience.shop\/es\/wp-json\/wp\/v2\/product\/2358\/revisions"}],"predecessor-version":[{"id":2363,"href":"https:\/\/extraordinaryexperience.shop\/es\/wp-json\/wp\/v2\/product\/2358\/revisions\/2363"}],"wp:featuredmedia":[{"embeddable":true,"href":"https:\/\/extraordinaryexperience.shop\/es\/wp-json\/wp\/v2\/media\/2362"}],"wp:attachment":[{"href":"https:\/\/extraordinaryexperience.shop\/es\/wp-json\/wp\/v2\/media?parent=2358"}],"wp:term":[{"taxonomy":"product_brand","embeddable":true,"href":"https:\/\/extraordinaryexperience.shop\/es\/wp-json\/wp\/v2\/product_brand?post=2358"},{"taxonomy":"product_cat","embeddable":true,"href":"https:\/\/extraordinaryexperience.shop\/es\/wp-json\/wp\/v2\/product_cat?post=2358"},{"taxonomy":"product_tag","embeddable":true,"href":"https:\/\/extraordinaryexperience.shop\/es\/wp-json\/wp\/v2\/product_tag?post=2358"}],"curies":[{"name":"wp","href":"https:\/\/api.w.org\/{rel}","templated":true}]}}