{"id":2460,"date":"2026-03-19T07:03:07","date_gmt":"2026-03-19T07:03:07","guid":{"rendered":"https:\/\/extraordinaryexperience.shop\/?post_type=product&#038;p=2460"},"modified":"2026-03-19T07:10:43","modified_gmt":"2026-03-19T07:10:43","slug":"ferrero-rocher-gold-ball-hazelnutchocolate-48-grains-snack-de-halloween-y-navidad-set-de-regalo-oferta-especial-50-descuento","status":"publish","type":"product","link":"https:\/\/extraordinaryexperience.shop\/es\/producto\/ferrero-rocher-gold-ball-hazelnutchocolate-48-grains-snack-de-halloween-y-navidad-set-de-regalo-oferta-especial-50-descuento\/","title":{"rendered":"FERRERO ROCHER Bola de Oro AvellanaChocolate 48 granos Merienda de Halloween y Navidad Set de Regalo Oferta Especial 50% Descuento"},"content":{"rendered":"<div data-elementor-type=\"product-post\" data-elementor-id=\"2460\" class=\"elementor elementor-2460\" data-elementor-post-type=\"product\">\n\t\t\t\t<div class=\"elementor-element elementor-element-102a7a8e e-flex e-con-boxed e-con e-parent\" data-id=\"102a7a8e\" data-element_type=\"container\" data-settings=\"{&quot;ekit_has_onepagescroll_dot&quot;:&quot;yes&quot;}\">\n\t\t\t\t\t<div class=\"e-con-inner\">\n\t\t<div class=\"elementor-element elementor-element-7567b419 e-grid e-con-full e-con e-child\" data-id=\"7567b419\" data-element_type=\"container\" data-settings=\"{&quot;ekit_has_onepagescroll_dot&quot;:&quot;yes&quot;}\">\n\t\t\t\t<div class=\"elementor-element elementor-element-58eb6ac7 elementor-widget elementor-widget-video\" data-id=\"58eb6ac7\" data-element_type=\"widget\" data-settings=\"{&quot;video_type&quot;:&quot;hosted&quot;,&quot;controls&quot;:&quot;yes&quot;,&quot;ekit_we_effect_on&quot;:&quot;none&quot;}\" data-widget_type=\"video.default\">\n\t\t\t\t<div class=\"elementor-widget-container\">\n\t\t\t\t\t\t\t<div class=\"e-hosted-video elementor-wrapper elementor-open-inline\">\n\t\t\t\t\t<video class=\"elementor-video\" src=\"https:\/\/extraordinaryexperience.shop\/wp-content\/uploads\/2026\/03\/05_Video_1920x1080_6Sec_T1TopShot_SFX_NOLOGO_W03.mp4\" controls=\"\" preload=\"metadata\" controlslist=\"nodownload\"><\/video>\n\t\t\t\t<\/div>\n\t\t\t\t\t\t<\/div>\n\t\t\t\t<\/div>\n\t\t\t\t<div class=\"elementor-element elementor-element-514a30eb elementor-widget elementor-widget-text-editor\" data-id=\"514a30eb\" data-element_type=\"widget\" data-settings=\"{&quot;ekit_we_effect_on&quot;:&quot;none&quot;}\" data-widget_type=\"text-editor.default\">\n\t\t\t\t<div class=\"elementor-widget-container\">\n\t\t\t\t\t\t\t\t\t<div class=\"elementor-widget-container\">\n    # Aspectos m\u00e1s destacados\n\n    <div class=\"product-table\">\n        <div class=\"product-row\">\n            <div class=\"product-label\"><strong>Marke<\/strong><\/div>\n            <div class=\"product-value\"><strong>Ferrero<\/strong><\/div>\n        <\/div>\n        <div class=\"product-row\">\n            <div class=\"product-label\"><strong>Formulario<\/strong><\/div>\n            <div class=\"product-value\"><strong>Kugel<\/strong><\/div>\n        <\/div>\n        <div class=\"product-row\">\n            <div class=\"product-label\"><strong>Schokoladentyp<\/strong><\/div>\n            <div class=\"product-value\"><strong>Milch<\/strong><\/div>\n        <\/div>\n        <div class=\"product-row\">\n            <div class=\"product-label\"><strong>Geschmacksrichtung<\/strong><\/div>\n            <div class=\"product-value\"><strong>Knusprige Schokoladenh\u00fclle und ger\u00f6stete Haseln\u00fcsse<\/strong><\/div>\n        <\/div>\n        <div class=\"product-row\">\n            <div class=\"product-label\"><strong>Anzahl der Einheiten<\/strong><\/div>\n            <div class=\"product-value\"><strong>1560,0 gramos<\/strong><\/div>\n        <\/div>\n    <\/div>\n\n    <style>\n    .product-table {\n        width: 100%;\n        border-top: 1px solid #000;\n        font-family: Arial, sans-serif;\n    }\n\n    .product-row {\n        display: flex;\n        border-bottom: 1px solid #000;\n        padding: 12px 0;\n    }\n\n    .product-label {\n        flex: 1;\n        font-weight: bold;\n        min-width: 200px;\n        padding-right: 20px;\n    }\n\n    .product-value {\n        flex: 1;\n        min-width: 200px;\n    }\n    <\/style>\n<\/div>\t\t\t\t\t\t\t\t<\/div>\n\t\t\t\t<\/div>\n\t\t\t\t<\/div>\n\t\t<div class=\"elementor-element elementor-element-4112622 e-con-full e-flex e-con e-child\" data-id=\"4112622\" data-element_type=\"container\" data-settings=\"{&quot;ekit_has_onepagescroll_dot&quot;:&quot;yes&quot;}\">\n\t\t\t\t<div class=\"elementor-element elementor-element-5ece2985 elementor-position-left elementor-vertical-align-middle elementor-widget elementor-widget-image-box\" data-id=\"5ece2985\" data-element_type=\"widget\" data-settings=\"{&quot;ekit_we_effect_on&quot;:&quot;none&quot;}\" data-widget_type=\"image-box.default\">\n\t\t\t\t<div class=\"elementor-widget-container\">\n\t\t\t\t\t<div class=\"elementor-image-box-wrapper\"><figure class=\"elementor-image-box-img\"><img fetchpriority=\"high\" decoding=\"async\" width=\"410\" height=\"410\" src=\"https:\/\/extraordinaryexperience.shop\/wp-content\/uploads\/2026\/03\/200803_bb_ferrerorocher13521x1-410x410-1.avif\" class=\"attachment-full size-full wp-image-2471 wvs-archive-product-image\" alt=\"\" srcset=\"https:\/\/extraordinaryexperience.shop\/wp-content\/uploads\/2026\/03\/200803_bb_ferrerorocher13521x1-410x410-1.avif 410w, https:\/\/extraordinaryexperience.shop\/wp-content\/uploads\/2026\/03\/200803_bb_ferrerorocher13521x1-410x410-1-300x300.avif 300w, https:\/\/extraordinaryexperience.shop\/wp-content\/uploads\/2026\/03\/200803_bb_ferrerorocher13521x1-410x410-1-150x150.avif 150w, https:\/\/extraordinaryexperience.shop\/wp-content\/uploads\/2026\/03\/200803_bb_ferrerorocher13521x1-410x410-1-12x12.avif 12w, https:\/\/extraordinaryexperience.shop\/wp-content\/uploads\/2026\/03\/200803_bb_ferrerorocher13521x1-410x410-1-100x100.avif 100w, https:\/\/extraordinaryexperience.shop\/wp-content\/uploads\/2026\/03\/200803_bb_ferrerorocher13521x1-410x410-1-50x50.avif 50w\" sizes=\"(max-width: 410px) 100vw, 410px\" \/><\/figure><div class=\"elementor-image-box-content\"><h3 class=\"elementor-image-box-title\">Ferrero Rocher 48 Piezas - Un Icono de Placer Exquisito<\/h3><p class=\"elementor-image-box-description\">Descubre la experiencia inconfundible de Ferrero Rocher en su presentaci\u00f3n de 48 piezas. Una obra maestra de la confiter\u00eda que combina capas de texturas para crear un momento de placer \u00fanico. Cada bomb\u00f3n est\u00e1 cuidadosamente elaborado, comenzando con una oblea crujiente que envuelve un relleno suave de avellana y un coraz\u00f3n de avellana entera tostada, todo ello ba\u00f1ado en una cobertura de chocolate con leche y finos trocitos de avellana. <\/p><\/div><\/div>\t\t\t\t<\/div>\n\t\t\t\t<\/div>\n\t\t\t\t<div class=\"elementor-element elementor-element-61eb03b0 elementor-position-right elementor-vertical-align-middle elementor-widget elementor-widget-image-box\" data-id=\"61eb03b0\" data-element_type=\"widget\" data-settings=\"{&quot;ekit_we_effect_on&quot;:&quot;none&quot;}\" data-widget_type=\"image-box.default\">\n\t\t\t\t<div class=\"elementor-widget-container\">\n\t\t\t\t\t<div class=\"elementor-image-box-wrapper\"><figure class=\"elementor-image-box-img\"><img decoding=\"async\" width=\"410\" height=\"410\" src=\"https:\/\/extraordinaryexperience.shop\/wp-content\/uploads\/2026\/03\/200803_bb_ferrerorocher15811x1-410x410-1.webp\" class=\"attachment-full size-full wp-image-2472 wvs-archive-product-image\" alt=\"\" srcset=\"https:\/\/extraordinaryexperience.shop\/wp-content\/uploads\/2026\/03\/200803_bb_ferrerorocher15811x1-410x410-1.webp 410w, https:\/\/extraordinaryexperience.shop\/wp-content\/uploads\/2026\/03\/200803_bb_ferrerorocher15811x1-410x410-1-300x300.webp 300w, https:\/\/extraordinaryexperience.shop\/wp-content\/uploads\/2026\/03\/200803_bb_ferrerorocher15811x1-410x410-1-150x150.webp 150w, https:\/\/extraordinaryexperience.shop\/wp-content\/uploads\/2026\/03\/200803_bb_ferrerorocher15811x1-410x410-1-12x12.webp 12w, https:\/\/extraordinaryexperience.shop\/wp-content\/uploads\/2026\/03\/200803_bb_ferrerorocher15811x1-410x410-1-100x100.webp 100w, https:\/\/extraordinaryexperience.shop\/wp-content\/uploads\/2026\/03\/200803_bb_ferrerorocher15811x1-410x410-1-50x50.webp 50w\" sizes=\"(max-width: 410px) 100vw, 410px\" \/><\/figure><div class=\"elementor-image-box-content\"><h3 class=\"elementor-image-box-title\">Un Viaje de Texturas y Sabores<\/h3><p class=\"elementor-image-box-description\">La Cobertura Exterior: Una capa crujiente de chocolate con leche mezclada con trocitos de avellana tostada que aporta un sabor intenso y una textura irregular .\n\nEl Bomb\u00f3n: En su interior, una capa fina y crujiente de barquillo (oblea) protege un delicado coraz\u00f3n.\n\nEl Relleno Cremoso: Una suave y sedosa crema de avellana y cacao que se derrite en el paladar .\n\nEl Coraz\u00f3n Sorpresa: El viaje culmina con una avellana entera, cuidadosamente seleccionada y tostada para preservar su frescura y aroma .<\/p><\/div><\/div>\t\t\t\t<\/div>\n\t\t\t\t<\/div>\n\t\t\t\t<div class=\"elementor-element elementor-element-148931ed elementor-position-left elementor-vertical-align-middle elementor-widget elementor-widget-image-box\" data-id=\"148931ed\" data-element_type=\"widget\" data-settings=\"{&quot;ekit_we_effect_on&quot;:&quot;none&quot;}\" data-widget_type=\"image-box.default\">\n\t\t\t\t<div class=\"elementor-widget-container\">\n\t\t\t\t\t<div class=\"elementor-image-box-wrapper\"><figure class=\"elementor-image-box-img\"><img decoding=\"async\" width=\"410\" height=\"410\" src=\"https:\/\/extraordinaryexperience.shop\/wp-content\/uploads\/2026\/03\/social1.avif\" class=\"attachment-full size-full wp-image-2473 wvs-archive-product-image\" alt=\"\" srcset=\"https:\/\/extraordinaryexperience.shop\/wp-content\/uploads\/2026\/03\/social1.avif 410w, https:\/\/extraordinaryexperience.shop\/wp-content\/uploads\/2026\/03\/social1-300x300.avif 300w, https:\/\/extraordinaryexperience.shop\/wp-content\/uploads\/2026\/03\/social1-150x150.avif 150w, https:\/\/extraordinaryexperience.shop\/wp-content\/uploads\/2026\/03\/social1-12x12.avif 12w, https:\/\/extraordinaryexperience.shop\/wp-content\/uploads\/2026\/03\/social1-100x100.avif 100w, https:\/\/extraordinaryexperience.shop\/wp-content\/uploads\/2026\/03\/social1-50x50.avif 50w\" sizes=\"(max-width: 410px) 100vw, 410px\" \/><\/figure><div class=\"elementor-image-box-content\"><h3 class=\"elementor-image-box-title\">Ocasi\u00f3n Perfecta - Para Compartir Momentos Especiales<\/h3><p class=\"elementor-image-box-description\">La caja de 48 piezas es la elecci\u00f3n perfecta para celebraciones importantes y reuniones familiares. Su formato generoso la convierte en el centro de atenci\u00f3n en fiestas, cenas con amigos o como un detalle de anfitri\u00f3n excepcional . Es ideal para bodas, aniversarios o simplemente para disfrutar de un momento de indulgencia personal con la calidad premium de Ferrero Rocher . Cada pieza, envuelta en su brillante papel dorado, a\u00f1ade un toque de elegancia a cualquier evento.<\/p><\/div><\/div>\t\t\t\t<\/div>\n\t\t\t\t<\/div>\n\t\t\t\t<\/div>\n\t\t<div class=\"elementor-element elementor-element-58326194 e-con-full e-flex e-con e-child\" data-id=\"58326194\" data-element_type=\"container\" data-settings=\"{&quot;ekit_has_onepagescroll_dot&quot;:&quot;yes&quot;}\">\n\t\t\t\t<div class=\"elementor-element elementor-element-5beb3c1e elementor--h-position-center elementor--v-position-middle elementor-arrows-position-inside elementor-pagination-position-inside elementor-widget elementor-widget-slides\" data-id=\"5beb3c1e\" data-element_type=\"widget\" data-settings=\"{&quot;navigation&quot;:&quot;both&quot;,&quot;autoplay&quot;:&quot;yes&quot;,&quot;pause_on_hover&quot;:&quot;yes&quot;,&quot;pause_on_interaction&quot;:&quot;yes&quot;,&quot;autoplay_speed&quot;:5000,&quot;infinite&quot;:&quot;yes&quot;,&quot;transition&quot;:&quot;slide&quot;,&quot;transition_speed&quot;:500,&quot;ekit_we_effect_on&quot;:&quot;none&quot;}\" data-widget_type=\"slides.default\">\n\t\t\t\t<div class=\"elementor-widget-container\">\n\t\t\t\t\t\t\t\t\t<div class=\"elementor-swiper\">\n\t\t\t\t\t<div class=\"elementor-slides-wrapper elementor-main-swiper swiper\" role=\"region\" aria-roledescription=\"carousel\" aria-label=\"Diapositivas\" dir=\"ltr\" data-animation=\"fadeInUp\">\n\t\t\t\t<div class=\"swiper-wrapper elementor-slides\">\n\t\t\t\t\t\t\t\t\t\t<div class=\"elementor-repeater-item-85fdccc swiper-slide\" role=\"group\" aria-roledescription=\"slide\"><div class=\"swiper-slide-bg\" role=\"img\"><\/div><div class=\"swiper-slide-inner\" ><div class=\"swiper-slide-contents\"><\/div><\/div><\/div><div class=\"elementor-repeater-item-707a949 swiper-slide\" role=\"group\" aria-roledescription=\"slide\"><div class=\"swiper-slide-bg\" role=\"img\"><\/div><div class=\"swiper-slide-inner\" ><div class=\"swiper-slide-contents\"><\/div><\/div><\/div><div class=\"elementor-repeater-item-4f6812b swiper-slide\" role=\"group\" aria-roledescription=\"slide\"><div class=\"swiper-slide-bg\" role=\"img\"><\/div><div class=\"swiper-slide-inner\" ><div class=\"swiper-slide-contents\"><\/div><\/div><\/div>\t\t\t\t<\/div>\n\t\t\t\t\t\t\t\t\t\t\t\t\t\t\t<div class=\"elementor-swiper-button elementor-swiper-button-prev\" role=\"button\" tabindex=\"0\" aria-label=\"Diapositiva anterior\">\n\t\t\t\t\t\t\t<svg aria-hidden=\"true\" class=\"e-font-icon-svg e-eicon-chevron-left\" viewbox=\"0 0 1000 1000\" xmlns=\"http:\/\/www.w3.org\/2000\/svg\"><path d=\"M646 125C629 125 613 133 604 142L308 442C296 454 292 471 292 487 292 504 296 521 308 533L604 854C617 867 629 875 646 875 663 875 679 871 692 858 704 846 713 829 713 812 713 796 708 779 692 767L438 487 692 225C700 217 708 204 708 187 708 171 704 154 692 142 675 129 663 125 646 125Z\"><\/path><\/svg>\t\t\t\t\t\t<\/div>\n\t\t\t\t\t\t<div class=\"elementor-swiper-button elementor-swiper-button-next\" role=\"button\" tabindex=\"0\" aria-label=\"Siguiente diapositiva\">\n\t\t\t\t\t\t\t<svg aria-hidden=\"true\" class=\"e-font-icon-svg e-eicon-chevron-right\" viewbox=\"0 0 1000 1000\" xmlns=\"http:\/\/www.w3.org\/2000\/svg\"><path d=\"M696 533C708 521 713 504 713 487 713 471 708 454 696 446L400 146C388 133 375 125 354 125 338 125 325 129 313 142 300 154 292 171 292 187 292 204 296 221 308 233L563 492 304 771C292 783 288 800 288 817 288 833 296 850 308 863 321 871 338 875 354 875 371 875 388 867 400 854L696 533Z\"><\/path><\/svg>\t\t\t\t\t\t<\/div>\n\t\t\t\t\t\t\t\t\t\t\t\t\t\t\t\t<div class=\"swiper-pagination\"><\/div>\n\t\t\t\t\t\t\t\t\t\t\t\t<\/div>\n\t\t\t\t<\/div>\n\t\t\t\t\t\t\t\t<\/div>\n\t\t\t\t<\/div>\n\t\t\t\t<\/div>\n\t\t<div class=\"elementor-element elementor-element-41a171f8 e-con-full e-flex e-con e-child\" data-id=\"41a171f8\" data-element_type=\"container\" data-settings=\"{&quot;ekit_has_onepagescroll_dot&quot;:&quot;yes&quot;}\">\n\t\t\t\t<div class=\"elementor-element elementor-element-679c05ef elementor-widget elementor-widget-image\" data-id=\"679c05ef\" data-element_type=\"widget\" data-settings=\"{&quot;ekit_we_effect_on&quot;:&quot;none&quot;}\" data-widget_type=\"image.default\">\n\t\t\t\t<div class=\"elementor-widget-container\">\n\t\t\t\t\t\t\t\t\t\t\t\t\t\t\t<img loading=\"lazy\" decoding=\"async\" width=\"800\" height=\"623\" src=\"https:\/\/extraordinaryexperience.shop\/wp-content\/uploads\/2026\/03\/716Ft7RoTJL._SL1500_-1024x797.jpg\" class=\"attachment-large size-large wp-image-2477 wvs-archive-product-image\" alt=\"\" srcset=\"https:\/\/extraordinaryexperience.shop\/wp-content\/uploads\/2026\/03\/716Ft7RoTJL._SL1500_-1024x797.jpg 1024w, https:\/\/extraordinaryexperience.shop\/wp-content\/uploads\/2026\/03\/716Ft7RoTJL._SL1500_-300x233.jpg 300w, https:\/\/extraordinaryexperience.shop\/wp-content\/uploads\/2026\/03\/716Ft7RoTJL._SL1500_-768x598.jpg 768w, https:\/\/extraordinaryexperience.shop\/wp-content\/uploads\/2026\/03\/716Ft7RoTJL._SL1500_-15x12.jpg 15w, https:\/\/extraordinaryexperience.shop\/wp-content\/uploads\/2026\/03\/716Ft7RoTJL._SL1500_-600x467.jpg 600w, https:\/\/extraordinaryexperience.shop\/wp-content\/uploads\/2026\/03\/716Ft7RoTJL._SL1500_.jpg 1500w\" sizes=\"(max-width: 800px) 100vw, 800px\" \/>\t\t\t\t\t\t\t\t\t\t\t\t\t\t\t<\/div>\n\t\t\t\t<\/div>\n\t\t\t\t<div class=\"elementor-element elementor-element-2e0bdab0 elementor-widget elementor-widget-image\" data-id=\"2e0bdab0\" data-element_type=\"widget\" data-settings=\"{&quot;ekit_we_effect_on&quot;:&quot;none&quot;}\" data-widget_type=\"image.default\">\n\t\t\t\t<div class=\"elementor-widget-container\">\n\t\t\t\t\t\t\t\t\t\t\t\t\t\t\t<img loading=\"lazy\" decoding=\"async\" width=\"800\" height=\"495\" src=\"https:\/\/extraordinaryexperience.shop\/wp-content\/uploads\/2026\/03\/0e7cc895-9027-4faf-9775-c5c5f4adb6f1.__CR0019401200_PT0_SX970_V1___.jpg\" class=\"attachment-large size-large wp-image-2478 wvs-archive-product-image\" alt=\"\" srcset=\"https:\/\/extraordinaryexperience.shop\/wp-content\/uploads\/2026\/03\/0e7cc895-9027-4faf-9775-c5c5f4adb6f1.__CR0019401200_PT0_SX970_V1___.jpg 970w, https:\/\/extraordinaryexperience.shop\/wp-content\/uploads\/2026\/03\/0e7cc895-9027-4faf-9775-c5c5f4adb6f1.__CR0019401200_PT0_SX970_V1___-300x186.jpg 300w, https:\/\/extraordinaryexperience.shop\/wp-content\/uploads\/2026\/03\/0e7cc895-9027-4faf-9775-c5c5f4adb6f1.__CR0019401200_PT0_SX970_V1___-768x475.jpg 768w, https:\/\/extraordinaryexperience.shop\/wp-content\/uploads\/2026\/03\/0e7cc895-9027-4faf-9775-c5c5f4adb6f1.__CR0019401200_PT0_SX970_V1___-18x12.jpg 18w, https:\/\/extraordinaryexperience.shop\/wp-content\/uploads\/2026\/03\/0e7cc895-9027-4faf-9775-c5c5f4adb6f1.__CR0019401200_PT0_SX970_V1___-600x371.jpg 600w\" sizes=\"(max-width: 800px) 100vw, 800px\" \/>\t\t\t\t\t\t\t\t\t\t\t\t\t\t\t<\/div>\n\t\t\t\t<\/div>\n\t\t\t\t<div class=\"elementor-element elementor-element-6c1dd18b elementor-widget elementor-widget-image\" data-id=\"6c1dd18b\" data-element_type=\"widget\" data-settings=\"{&quot;ekit_we_effect_on&quot;:&quot;none&quot;}\" data-widget_type=\"image.default\">\n\t\t\t\t<div class=\"elementor-widget-container\">\n\t\t\t\t\t\t\t\t\t\t\t\t\t\t\t<img loading=\"lazy\" decoding=\"async\" width=\"440\" height=\"279\" src=\"https:\/\/extraordinaryexperience.shop\/wp-content\/uploads\/2026\/03\/foto-i-2.avif\" class=\"attachment-large size-large wp-image-2479 wvs-archive-product-image\" alt=\"\" srcset=\"https:\/\/extraordinaryexperience.shop\/wp-content\/uploads\/2026\/03\/foto-i-2.avif 440w, https:\/\/extraordinaryexperience.shop\/wp-content\/uploads\/2026\/03\/foto-i-2-300x190.avif 300w, https:\/\/extraordinaryexperience.shop\/wp-content\/uploads\/2026\/03\/foto-i-2-18x12.avif 18w\" sizes=\"(max-width: 440px) 100vw, 440px\" \/>\t\t\t\t\t\t\t\t\t\t\t\t\t\t\t<\/div>\n\t\t\t\t<\/div>\n\t\t\t\t<\/div>\n\t\t\t\t\t<\/div>\n\t\t\t\t<\/div>\n\t\t\t\t<\/div>","protected":false},"excerpt":{"rendered":"<h2 class=\"a-size-base-plus a-text-bold\">Informaci\u00f3n sobre este art\u00edculo<\/h2>\n<div class=\"a-expander-collapsed-height a-row a-expander-container a-expander-partial-collapse-container\" data-a-expander-collapsed-height=\"300\">\n<div class=\"a-expander-content a-expander-partial-collapse-content\" data-expanded=\"false\">\n<ul class=\"a-unordered-list a-vertical a-spacing-mini\">\n<li class=\"a-spacing-mini\"><span class=\"a-list-item\">Los Pralin\u00e9s Ferrero Rocher son una exquisita combinaci\u00f3n de un delicioso helado de leche, relleno de una fina crema de leche, una deliciosa crema de helado y un delicioso barquillo.<\/span><\/li>\n<li class=\"a-spacing-mini\"><span class=\"a-list-item\">Calidad y sabor: Cada uno de los Bombones Ferrero Rocher es sin\u00f3nimo de experiencia y calidad y, con su exclusivo dise\u00f1o, se esfuerza por conseguir un sabor exquisito.<\/span><\/li>\n<\/ul>\n<\/div>\n<\/div>","protected":false},"featured_media":2461,"comment_status":"open","ping_status":"closed","template":"","meta":{"_acf_changed":false},"product_brand":[],"product_cat":[35],"product_tag":[],"class_list":{"0":"post-2460","1":"product","2":"type-product","3":"status-publish","4":"has-post-thumbnail","6":"product_cat-sale","8":"first","9":"instock","10":"sale","11":"shipping-taxable","12":"purchasable","13":"product-type-simple"},"acf":[],"_links":{"self":[{"href":"https:\/\/extraordinaryexperience.shop\/es\/wp-json\/wp\/v2\/product\/2460","targetHints":{"allow":["GET"]}}],"collection":[{"href":"https:\/\/extraordinaryexperience.shop\/es\/wp-json\/wp\/v2\/product"}],"about":[{"href":"https:\/\/extraordinaryexperience.shop\/es\/wp-json\/wp\/v2\/types\/product"}],"replies":[{"embeddable":true,"href":"https:\/\/extraordinaryexperience.shop\/es\/wp-json\/wp\/v2\/comments?post=2460"}],"version-history":[{"count":4,"href":"https:\/\/extraordinaryexperience.shop\/es\/wp-json\/wp\/v2\/product\/2460\/revisions"}],"predecessor-version":[{"id":2487,"href":"https:\/\/extraordinaryexperience.shop\/es\/wp-json\/wp\/v2\/product\/2460\/revisions\/2487"}],"wp:featuredmedia":[{"embeddable":true,"href":"https:\/\/extraordinaryexperience.shop\/es\/wp-json\/wp\/v2\/media\/2461"}],"wp:attachment":[{"href":"https:\/\/extraordinaryexperience.shop\/es\/wp-json\/wp\/v2\/media?parent=2460"}],"wp:term":[{"taxonomy":"product_brand","embeddable":true,"href":"https:\/\/extraordinaryexperience.shop\/es\/wp-json\/wp\/v2\/product_brand?post=2460"},{"taxonomy":"product_cat","embeddable":true,"href":"https:\/\/extraordinaryexperience.shop\/es\/wp-json\/wp\/v2\/product_cat?post=2460"},{"taxonomy":"product_tag","embeddable":true,"href":"https:\/\/extraordinaryexperience.shop\/es\/wp-json\/wp\/v2\/product_tag?post=2460"}],"curies":[{"name":"wp","href":"https:\/\/api.w.org\/{rel}","templated":true}]}}